{"id":56,"date":"2018-10-06T16:42:30","date_gmt":"2018-10-06T16:42:30","guid":{"rendered":"http:\/\/www.woelfer-psychologin.at\/?page_id=56"},"modified":"2024-05-01T07:53:54","modified_gmt":"2024-05-01T07:53:54","slug":"kontakt","status":"publish","type":"page","link":"https:\/\/www.woelfer-psychologin.at\/index.php\/kontakt\/","title":{"rendered":"Kontakt"},"content":{"rendered":"<p><span style=\"color: #333399;\"><strong>Praxis f\u00fcr Klinische Psychologie, Gesundheitspsychologie und Sexualtherapie<img loading=\"lazy\" decoding=\"async\" class=\" wp-image-107 alignright\" src=\"https:\/\/www.woelfer-psychologin.at\/wp-content\/uploads\/2018\/10\/logo.png\" alt=\"\" width=\"157\" height=\"162\" \/><\/strong><\/span><\/p>\n<p>Pantzergasse 27\/6<\/p>\n<p>1190 Wien<\/p>\n<p><strong><span style=\"color: #333399;\">\u00a0<\/span><\/strong><\/p>\n<hr \/>\n<p>Kontaktieren Sie mich unter:<\/p>\n<p>Tel. Nr. : <a href=\"tel:+436509101808\">+436509101808<\/a><\/p>\n<p>Email Adresse: <a href=\"mailto:info@woelfer-psychologin.at\">info@woelfer-psychologin.at<\/a><\/p>\n<hr \/>\n<p>Sollten Sie mich einmal nicht erreichen, sprechen Sie bitte <span style=\"color: #333399;\"><strong>unbedingt<\/strong><\/span> auf meinen Anrufbeantworter, ich werde Sie so schnell wie m\u00f6glich zur\u00fcckrufen. Am Telefon k\u00f6nnen wir dann kurz einige Details besprechen und einen verbindlichen Termin f\u00fcr ein (Erst)Gespr\u00e4ch ausmachen.<\/p>\n<p>Bei suizidalen Krisen oder Notf\u00e4llen wenden Sie sich bitte an den Psychosozialen Dienst (PSD) oder den Notruf.<\/p>\n<p><span style=\"color: #333399;\"><strong>Notruf: 144<\/strong><\/span><\/p>\n<p><span style=\"color: #333399;\"><strong>PSD: 01\/31 330<\/strong><\/span><\/p>\n","protected":false},"excerpt":{"rendered":"<p>Praxis f\u00fcr Klinische Psychologie, Gesundheitspsychologie und Sexualtherapie Pantzergasse 27\/6 1190 Wien \u00a0 Kontaktieren Sie mich unter: Tel. Nr. : +436509101808 Email Adresse: info@woelfer-psychologin.at Sollten Sie mich einmal nicht erreichen, sprechen Sie bitte unbedingt auf meinen Anrufbeantworter, ich werde Sie so schnell wie m\u00f6glich zur\u00fcckrufen. Am Telefon k\u00f6nnen wir dann kurz einige Details besprechen und einen &hellip; <\/p>\n<p class=\"link-more\"><a href=\"https:\/\/www.woelfer-psychologin.at\/index.php\/kontakt\/\" class=\"more-link\"><span class=\"screen-reader-text\">\u201eKontakt\u201c<\/span> weiterlesen<\/a><\/p>\n","protected":false},"author":1,"featured_media":587,"parent":0,"menu_order":0,"comment_status":"closed","ping_status":"closed","template":"","meta":{"footnotes":""},"class_list":["post-56","page","type-page","status-publish","has-post-thumbnail","hentry"],"_links":{"self":[{"href":"https:\/\/www.woelfer-psychologin.at\/index.php\/wp-json\/wp\/v2\/pages\/56","targetHints":{"allow":["GET"]}}],"collection":[{"href":"https:\/\/www.woelfer-psychologin.at\/index.php\/wp-json\/wp\/v2\/pages"}],"about":[{"href":"https:\/\/www.woelfer-psychologin.at\/index.php\/wp-json\/wp\/v2\/types\/page"}],"author":[{"embeddable":true,"href":"https:\/\/www.woelfer-psychologin.at\/index.php\/wp-json\/wp\/v2\/users\/1"}],"replies":[{"embeddable":true,"href":"https:\/\/www.woelfer-psychologin.at\/index.php\/wp-json\/wp\/v2\/comments?post=56"}],"version-history":[{"count":41,"href":"https:\/\/www.woelfer-psychologin.at\/index.php\/wp-json\/wp\/v2\/pages\/56\/revisions"}],"predecessor-version":[{"id":743,"href":"https:\/\/www.woelfer-psychologin.at\/index.php\/wp-json\/wp\/v2\/pages\/56\/revisions\/743"}],"wp:featuredmedia":[{"embeddable":true,"href":"https:\/\/www.woelfer-psychologin.at\/index.php\/wp-json\/wp\/v2\/media\/587"}],"wp:attachment":[{"href":"https:\/\/www.woelfer-psychologin.at\/index.php\/wp-json\/wp\/v2\/media?parent=56"}],"curies":[{"name":"wp","href":"https:\/\/api.w.org\/{rel}","templated":true}]}}