{"id":54,"date":"2018-10-06T16:42:11","date_gmt":"2018-10-06T16:42:11","guid":{"rendered":"http:\/\/www.woelfer-psychologin.at\/?page_id=54"},"modified":"2025-02-28T12:13:19","modified_gmt":"2025-02-28T12:13:19","slug":"schwerpunkte","status":"publish","type":"page","link":"https:\/\/www.woelfer-psychologin.at\/index.php\/schwerpunkte\/","title":{"rendered":"Schwerpunkte"},"content":{"rendered":"<p><strong><span style=\"color: #333399;\">Zielgruppe:<\/span> <\/strong>Erwachsene, junge Erwachsene<\/p>\n<p>im Einzelsetting, sowie Gruppenangebote, Hausbesuche, Psychologische Online Beratung und Seminare\/Workshops<\/p>\n<p><span style=\"color: #333399;\"><strong>Spezialisierungen:<\/strong><\/span><\/p>\n<ul>\n<li style=\"list-style-type: none;\">\n<ul>\n<li>Abh\u00e4ngigkeit, Sucht<\/li>\n<li>Sexualtherapie (Sexocorporel)<\/li>\n<li>Depressionen, Angst, Zwang, Panik, Phobie<\/li>\n<li>Psychosomatische Beschwerden<\/li>\n<li>\u00c4rger, Stress, Entspannung<\/li>\n<li>Akutf\u00e4lle, Notfallpsychologie<\/li>\n<li>Krisenintervention, Suizidprophylaxe, Trauer<\/li>\n<li>Angeh\u00f6rigenarbeit, auch in Gruppen<\/li>\n<li>Psychoedukation<\/li>\n<li>Supervision und Coaching<\/li>\n<li>Einzel- und Gruppensupervision f\u00fcr FachausbildungspsychologInnen | Klinische Psychologie und Gesundheitspsychologie<\/li>\n<li><span style=\"color: #333333;\">Workshops und Seminare<\/span><\/li>\n<li>Lehrt\u00e4tigkeit an der Claudiana (Bozen)<\/li>\n<\/ul>\n<\/li>\n<\/ul>\n<p><strong><span style=\"color: #333399;\">Spezielle Behandlungs- und Trainingsmethoden<\/span> &#8211; <\/strong>Biofeedback mit Qiu, Entspannungsverfahren und Genusstraining<\/p>\n","protected":false},"excerpt":{"rendered":"<p>Zielgruppe: Erwachsene, junge Erwachsene im Einzelsetting, sowie Gruppenangebote, Hausbesuche, Psychologische Online Beratung und Seminare\/Workshops Spezialisierungen: Abh\u00e4ngigkeit, Sucht Sexualtherapie (Sexocorporel) Depressionen, Angst, Zwang, Panik, Phobie Psychosomatische Beschwerden \u00c4rger, Stress, Entspannung Akutf\u00e4lle, Notfallpsychologie Krisenintervention, Suizidprophylaxe, Trauer Angeh\u00f6rigenarbeit, auch in Gruppen Psychoedukation Supervision und Coaching Einzel- und Gruppensupervision f\u00fcr FachausbildungspsychologInnen | Klinische Psychologie und Gesundheitspsychologie Workshops und Seminare &hellip; <\/p>\n<p class=\"link-more\"><a href=\"https:\/\/www.woelfer-psychologin.at\/index.php\/schwerpunkte\/\" class=\"more-link\"><span class=\"screen-reader-text\">\u201eSchwerpunkte\u201c<\/span> weiterlesen<\/a><\/p>\n","protected":false},"author":1,"featured_media":586,"parent":0,"menu_order":0,"comment_status":"closed","ping_status":"closed","template":"","meta":{"footnotes":""},"class_list":["post-54","page","type-page","status-publish","has-post-thumbnail","hentry"],"_links":{"self":[{"href":"https:\/\/www.woelfer-psychologin.at\/index.php\/wp-json\/wp\/v2\/pages\/54","targetHints":{"allow":["GET"]}}],"collection":[{"href":"https:\/\/www.woelfer-psychologin.at\/index.php\/wp-json\/wp\/v2\/pages"}],"about":[{"href":"https:\/\/www.woelfer-psychologin.at\/index.php\/wp-json\/wp\/v2\/types\/page"}],"author":[{"embeddable":true,"href":"https:\/\/www.woelfer-psychologin.at\/index.php\/wp-json\/wp\/v2\/users\/1"}],"replies":[{"embeddable":true,"href":"https:\/\/www.woelfer-psychologin.at\/index.php\/wp-json\/wp\/v2\/comments?post=54"}],"version-history":[{"count":45,"href":"https:\/\/www.woelfer-psychologin.at\/index.php\/wp-json\/wp\/v2\/pages\/54\/revisions"}],"predecessor-version":[{"id":769,"href":"https:\/\/www.woelfer-psychologin.at\/index.php\/wp-json\/wp\/v2\/pages\/54\/revisions\/769"}],"wp:featuredmedia":[{"embeddable":true,"href":"https:\/\/www.woelfer-psychologin.at\/index.php\/wp-json\/wp\/v2\/media\/586"}],"wp:attachment":[{"href":"https:\/\/www.woelfer-psychologin.at\/index.php\/wp-json\/wp\/v2\/media?parent=54"}],"curies":[{"name":"wp","href":"https:\/\/api.w.org\/{rel}","templated":true}]}}