{"id":52,"date":"2018-10-06T16:41:48","date_gmt":"2018-10-06T16:41:48","guid":{"rendered":"http:\/\/www.woelfer-psychologin.at\/?page_id=52"},"modified":"2024-11-01T09:07:35","modified_gmt":"2024-11-01T09:07:35","slug":"rahmenbedingungen","status":"publish","type":"page","link":"https:\/\/www.woelfer-psychologin.at\/index.php\/rahmenbedingungen\/","title":{"rendered":"Rahmenbedingungen"},"content":{"rendered":"<p><span style=\"color: #333399;\"><strong>Erstgespr\u00e4ch:<\/strong><\/span><\/p>\n<p>Im Erstgespr\u00e4ch wollen wir einander etwas kennenlernen. Wir wollen dar\u00fcber sprechen, was Ihr Anliegen ist, wie ich Ihnen weiterhelfen kann und wie eine Beratung oder Behandlung bei mir aussehen k\u00f6nnte.<\/p>\n<p>Das Erstgespr\u00e4ch dauert ca. 30 min.<\/p>\n<p>Sollte es Ihnen nicht m\u00f6glich sein zu diesem vereinbarten Termin zu erscheinen, geben Sie mir dies bitte 48h vorher telefonisch bekannt.<\/p>\n<hr \/>\n<p><span style=\"color: #333399;\"><strong>Ordinationszeiten und Absprachen:<\/strong><\/span><\/p>\n<p>Termine werden auf Anfrage vergeben.<\/p>\n<p>Sollten Sie einmal einen Termin nicht wahrnehmen k\u00f6nnen, bitte ich Sie, das 24 Stunden vor Beginn der Sitzung telefonisch bekannt zu geben! Im Fall von kurzfristigen Terminabsagen oder bei Nichterscheinen ist das Honorar in jedem Fall zu bezahlen.<\/p>\n<p>Sollten Sie zu sp\u00e4t zu Ihrer Sitzung erscheinen, ist es leider nicht m\u00f6glich die vers\u00e4umte Zeit nachzuholen.<\/p>\n<hr \/>\n<p><span style=\"color: #333399;\"><strong>Rechte und Pflichten:<\/strong><\/span><\/p>\n<p>KlientInnen haben ein Recht darauf, alle Ausk\u00fcnfte \u00fcber die Behandlung, insbesondere \u00fcber Art, Dauer, Frequenz, Auswirkungen und Entgelt zu erhalten. Ein sogenannter Behandlungsvertrag kann entweder m\u00fcndlich oder schriftlich erfolgen.<\/p>\n<p>Psychologische Interventionen d\u00fcrfen nur mit Zustimmung der zu behandelnden Person \u2013 also Ihnen \u2013 angewendet werden.<\/p>\n<p>Sollte der Verdacht bestehen, dass bei Ihnen eine somatische Erkrankung vorliegt, ist der\/die Klinische PsychologIn verpflichtet, w\u00e4hrend der Behandlung auf die Notwendigkeit einer medizinischen Abkl\u00e4rung ausdr\u00fccklich hinzuweisen.<\/p>\n<p>Der\/Die PsychologIn ist an das Berufsgeheimnis gebunden und unterliegt der Verschwiegenheitspflicht (lt. PsychologInnengesetz 2013).<\/p>\n<p>Der\/Die PsychologIn ist verpflichtet, sich an das Psychologengesetz und die Ethikrichtlinien des Psychologenbeirates zu halten.<\/p>\n<p>Wenn der\/die PsychologIn von einer Behandlung zur\u00fccktreten wollen w\u00fcrde, muss er\/sie Ihnen rechtzeitig Bescheid geben, sodass die weitere Versorgung sichergestellt werden kann.<\/p>\n<hr \/>\n<p><span style=\"color: #333399;\"><strong>Kostenrefundierung:<\/strong><\/span><\/p>\n<p>Die klinisch-psychologische Behandlung\/Therapie, wird seit Januar 2024 von der Krankenkasse teilrefundiert.<\/p>\n<p>Genauere Einzelheiten erfahren Sie von mir im Erstgespr\u00e4ch.<\/p>\n<p>Informationen dazu finden Sie vorab unter <a href=\"https:\/\/www.psychnet.at\/\">https:\/\/www.psychnet.at\/<\/a><\/p>\n<hr \/>\n","protected":false},"excerpt":{"rendered":"<p>Erstgespr\u00e4ch: Im Erstgespr\u00e4ch wollen wir einander etwas kennenlernen. Wir wollen dar\u00fcber sprechen, was Ihr Anliegen ist, wie ich Ihnen weiterhelfen kann und wie eine Beratung oder Behandlung bei mir aussehen k\u00f6nnte. Das Erstgespr\u00e4ch dauert ca. 30 min. Sollte es Ihnen nicht m\u00f6glich sein zu diesem vereinbarten Termin zu erscheinen, geben Sie mir dies bitte 48h &hellip; <\/p>\n<p class=\"link-more\"><a href=\"https:\/\/www.woelfer-psychologin.at\/index.php\/rahmenbedingungen\/\" class=\"more-link\"><span class=\"screen-reader-text\">\u201eRahmenbedingungen\u201c<\/span> weiterlesen<\/a><\/p>\n","protected":false},"author":1,"featured_media":0,"parent":0,"menu_order":0,"comment_status":"closed","ping_status":"closed","template":"","meta":{"footnotes":""},"class_list":["post-52","page","type-page","status-publish","hentry"],"_links":{"self":[{"href":"https:\/\/www.woelfer-psychologin.at\/index.php\/wp-json\/wp\/v2\/pages\/52","targetHints":{"allow":["GET"]}}],"collection":[{"href":"https:\/\/www.woelfer-psychologin.at\/index.php\/wp-json\/wp\/v2\/pages"}],"about":[{"href":"https:\/\/www.woelfer-psychologin.at\/index.php\/wp-json\/wp\/v2\/types\/page"}],"author":[{"embeddable":true,"href":"https:\/\/www.woelfer-psychologin.at\/index.php\/wp-json\/wp\/v2\/users\/1"}],"replies":[{"embeddable":true,"href":"https:\/\/www.woelfer-psychologin.at\/index.php\/wp-json\/wp\/v2\/comments?post=52"}],"version-history":[{"count":43,"href":"https:\/\/www.woelfer-psychologin.at\/index.php\/wp-json\/wp\/v2\/pages\/52\/revisions"}],"predecessor-version":[{"id":753,"href":"https:\/\/www.woelfer-psychologin.at\/index.php\/wp-json\/wp\/v2\/pages\/52\/revisions\/753"}],"wp:attachment":[{"href":"https:\/\/www.woelfer-psychologin.at\/index.php\/wp-json\/wp\/v2\/media?parent=52"}],"curies":[{"name":"wp","href":"https:\/\/api.w.org\/{rel}","templated":true}]}}